{"id":4955,"date":"2023-02-28T13:25:49","date_gmt":"2023-02-28T12:25:49","guid":{"rendered":"https:\/\/three-sixty.global\/?page_id=4955"},"modified":"2023-05-12T11:48:25","modified_gmt":"2023-05-12T09:48:25","slug":"competitions","status":"publish","type":"page","link":"https:\/\/three-sixty.global\/en\/competitions\/","title":{"rendered":"Competitions"},"content":{"rendered":"\t\t<div data-elementor-type=\"wp-page\" data-elementor-id=\"4955\" class=\"elementor elementor-4955 elementor-3344\" data-elementor-post-type=\"page\">\n\t\t\t\t\t\t<section class=\"elementor-section elementor-top-section elementor-element elementor-element-75d7cd5 elementor-section-boxed elementor-section-height-default elementor-section-height-default\" data-id=\"75d7cd5\" data-element_type=\"section\">\n\t\t\t\t\t\t<div class=\"elementor-container elementor-column-gap-no\">\n\t\t\t\t\t<div class=\"elementor-column elementor-col-100 elementor-top-column elementor-element elementor-element-942d75f\" data-id=\"942d75f\" data-element_type=\"column\">\n\t\t\t<div class=\"elementor-widget-wrap elementor-element-populated\">\n\t\t\t\t\t\t<div class=\"elementor-element elementor-element-2172f0f elementor-widget elementor-widget-heading\" data-id=\"2172f0f\" data-element_type=\"widget\" data-widget_type=\"heading.default\">\n\t\t\t\t<div class=\"elementor-widget-container\">\n\t\t\t<style>\/*! elementor - v3.20.0 - 10-04-2024 *\/\n.elementor-heading-title{padding:0;margin:0;line-height:1}.elementor-widget-heading .elementor-heading-title[class*=elementor-size-]>a{color:inherit;font-size:inherit;line-height:inherit}.elementor-widget-heading .elementor-heading-title.elementor-size-small{font-size:15px}.elementor-widget-heading .elementor-heading-title.elementor-size-medium{font-size:19px}.elementor-widget-heading .elementor-heading-title.elementor-size-large{font-size:29px}.elementor-widget-heading .elementor-heading-title.elementor-size-xl{font-size:39px}.elementor-widget-heading .elementor-heading-title.elementor-size-xxl{font-size:59px}<\/style><h2 class=\"elementor-heading-title elementor-size-default\">Impressum<\/h2>\t\t<\/div>\n\t\t\t\t<\/div>\n\t\t\t\t<div class=\"elementor-element elementor-element-bab53bc elementor-widget elementor-widget-heading\" data-id=\"bab53bc\" data-element_type=\"widget\" data-widget_type=\"heading.default\">\n\t\t\t\t<div class=\"elementor-widget-container\">\n\t\t\t<h1 class=\"elementor-heading-title elementor-size-default\">Competitions<\/h1>\t\t<\/div>\n\t\t\t\t<\/div>\n\t\t\t\t\t<\/div>\n\t\t<\/div>\n\t\t\t\t\t<\/div>\n\t\t<\/section>\n\t\t\t\t<section class=\"elementor-section elementor-top-section elementor-element elementor-element-96dfa8e elementor-section-boxed elementor-section-height-default elementor-section-height-default\" data-id=\"96dfa8e\" data-element_type=\"section\">\n\t\t\t\t\t\t<div class=\"elementor-container elementor-column-gap-no\">\n\t\t\t\t\t<div class=\"elementor-column elementor-col-100 elementor-top-column elementor-element elementor-element-3dc4908\" data-id=\"3dc4908\" data-element_type=\"column\">\n\t\t\t<div class=\"elementor-widget-wrap elementor-element-populated\">\n\t\t\t\t\t\t<div class=\"elementor-element elementor-element-8aff2bb elementor-widget elementor-widget-heading\" data-id=\"8aff2bb\" data-element_type=\"widget\" data-widget_type=\"heading.default\">\n\t\t\t\t<div class=\"elementor-widget-container\">\n\t\t\t<h2 class=\"elementor-heading-title elementor-size-default\">Terms and conditions Social Media competitions<\/h2>\t\t<\/div>\n\t\t\t\t<\/div>\n\t\t\t\t<div class=\"elementor-element elementor-element-8e50166 elementor-widget elementor-widget-text-editor\" data-id=\"8e50166\" data-element_type=\"widget\" data-widget_type=\"text-editor.default\">\n\t\t\t\t<div class=\"elementor-widget-container\">\n\t\t\t<style>\/*! elementor - v3.20.0 - 10-04-2024 *\/\n.elementor-widget-text-editor.elementor-drop-cap-view-stacked .elementor-drop-cap{background-color:#69727d;color:#fff}.elementor-widget-text-editor.elementor-drop-cap-view-framed .elementor-drop-cap{color:#69727d;border:3px solid;background-color:transparent}.elementor-widget-text-editor:not(.elementor-drop-cap-view-default) .elementor-drop-cap{margin-top:8px}.elementor-widget-text-editor:not(.elementor-drop-cap-view-default) .elementor-drop-cap-letter{width:1em;height:1em}.elementor-widget-text-editor .elementor-drop-cap{float:left;text-align:center;line-height:1;font-size:50px}.elementor-widget-text-editor .elementor-drop-cap-letter{display:inline-block}<\/style>\t\t\t\t<p><strong>1. Gegenstand der Teilnahmebedingungen und Veranstalter<\/strong><br \/>(1) Diese Teilnahmebedingungen regeln die Bedingungen f\u00fcr eine Teilnahme an den THREE SIXTY Gewinnspiel-Verlosungen.<br \/>(2) Veranstalter des Gewinnspiels ist zu jedem Zeitpunkt ausschlie\u00dflich Schwarze &amp; Schlichte GmbH &amp; Co. KG, Paulsburg 1-3, D-59302 Oelde (nachfolgend Schwarze &amp; Schlichte).<br \/>(3) Mit der Teilnahme an dem Gewinnspiel werden diese Teilnahmebedingungen angenommen.<br \/>(4) Das Gewinnspiel steht in keiner Verbindung zu Instagram. Es wird von Instagram weder gesponsert, unterst\u00fctzt noch organisiert.<br \/>(5) Neben diesen Teilnahmebedingungen wird das Verh\u00e4ltnis zwischen dem Veranstalter, dem Teilnehmer und Instagram durch die Instagram-Nutzungsbedingungen (<a href=\"https:\/\/help.instagram.com\/478745558852511\">https:\/\/help.instagram.com\/478745558852511<\/a>) und die Instagram-Datenschutzrichtlinie (<a href=\"https:\/\/help.instagram.com\/155833707900388\">https:\/\/help.instagram.com\/155833707900388<\/a>) bestimmt.<\/p>\t\t\t\t\t\t<\/div>\n\t\t\t\t<\/div>\n\t\t\t\t<div class=\"elementor-element elementor-element-2135b18 elementor-widget elementor-widget-text-editor\" data-id=\"2135b18\" data-element_type=\"widget\" data-widget_type=\"text-editor.default\">\n\t\t\t\t<div class=\"elementor-widget-container\">\n\t\t\t\t\t\t\t<p><strong>2. Teilnahme und Ablauf<\/strong><br \/>(1) Teilnahmeberechtigt am Schwarze &amp; Schlichte Gewinnspiel sind alle, die das 18. Lebensjahr vollendet und ihren dauerhaften Wohnsitz in Deutschland haben. Ausgeschlossen sind Mitarbeiter von Schwarze &amp; Schlichte sowie verbundene Unternehmen, Dienstleister sowie Angeh\u00f6rige solcher Mitarbeiter und deren Verwandte. Die Teilnahme mit gef\u00e4lschten Identit\u00e4ten oder mit Identit\u00e4ten von Dritten ist nicht erlaubt.<br \/>(2) Teilnahmeberechtigte k\u00f6nnen an dem Gewinnspiel teilnehmen, indem sie die im Postingtext (@threesixty.global) aufgef\u00fchrten Bedingungen erf\u00fcllen. Die Gewinner werden ausschlie\u00dflich von (@threesixty.global) kontaktiert.<br \/>(3) Die Teilnahme ist nach Upload des jeweiligen Postings bis zum dort aufgef\u00fchrten Datum m\u00f6glich. Die Frist beginnt mit der Ver\u00f6ffentlichung des Postings, in welchem der Gewinn angek\u00fcndigt wird. Das Gewinnspiel l\u00e4uft auf dem offiziellen THREE SIXTY Kanal (@threesixty.global).<\/p>\t\t\t\t\t\t<\/div>\n\t\t\t\t<\/div>\n\t\t\t\t<div class=\"elementor-element elementor-element-3c4d343 elementor-widget elementor-widget-text-editor\" data-id=\"3c4d343\" data-element_type=\"widget\" data-widget_type=\"text-editor.default\">\n\t\t\t\t<div class=\"elementor-widget-container\">\n\t\t\t\t\t\t\t<p><strong>3. Gewinne und Gewinnbenachrichtigung<\/strong><br \/>(1) Die Gewinne werden im entsprechenden Postingtext oder im Bild aufgef\u00fchrt, au\u00dfer es handelt sich um \u00dcberraschungspakete.<br \/>(2) Die Gewinner werden per direkter Instagram Nachricht durch THREE SIXTY (@threesixty.global) benachrichtigt und aufgefordert, ihren vollst\u00e4ndigen Namen sowie ihre Anschrift an Schwarze &amp; Schlichte zu \u00fcbermitteln.<br \/>(3) Geht von einem Gewinner innerhalb 24h nach Gewinnerbekanntgabe keine Nachricht ein, erlischt der Gewinnanspruch. Damit geht die Berechtigung einher eine Ersatzauslosung durchzuf\u00fchren.<br \/>(4) Je Teilnehmer ist nur ein Gewinn m\u00f6glich.<br \/>(5) Der Gewinn ist weder \u00fcbertragbar, noch kann der Gewinn umgetauscht oder in bar ausgezahlt werden.<br \/>(6) Sofern Umst\u00e4nde eintreten, die Schwarze &amp; Schlichte nicht zu vertreten hat, akzeptiert der Gewinner einen angemessenen Ersatzgewinn.<\/p>\t\t\t\t\t\t<\/div>\n\t\t\t\t<\/div>\n\t\t\t\t<div class=\"elementor-element elementor-element-de18a4f elementor-widget elementor-widget-text-editor\" data-id=\"de18a4f\" data-element_type=\"widget\" data-widget_type=\"text-editor.default\">\n\t\t\t\t<div class=\"elementor-widget-container\">\n\t\t\t\t\t\t\t<p><strong>4. Haftung und Freistellung<\/strong><br \/>(1) Der Teilnehmer stellt Schwarze &amp; Schlichte von Anspr\u00fcchen Dritter gleich welcher Art frei, die aus der etwaigen Rechtswidrigkeit seiner Kommentare resultieren. Die Freistellungsverpflichtung umfasst auch die Verpflichtung, den Veranstalter von Rechtsverteidigungskosten (z.B. Gerichts- und Anwaltskosten) vollst\u00e4ndig freizustellen.<br \/>(2) Mit der Teilnahme am Gewinnspiel stellt der Teilnehmer Instagram von jeder Haftung im Zusammenhang mit diesem Gewinnspiel frei.<br \/>(3) Der Rechtsweg ist ausgeschlossen.<\/p>\t\t\t\t\t\t<\/div>\n\t\t\t\t<\/div>\n\t\t\t\t<div class=\"elementor-element elementor-element-5d82379 elementor-widget elementor-widget-text-editor\" data-id=\"5d82379\" data-element_type=\"widget\" data-widget_type=\"text-editor.default\">\n\t\t\t\t<div class=\"elementor-widget-container\">\n\t\t\t\t\t\t\t<p><strong>5. Ausschluss<\/strong><br \/>(1) Ein Versto\u00df gegen diese Teilnahmebedingungen berechtigt Schwarze &amp; Schlichte, den jeweiligen Teilnehmer von der Teilnahme auszuschlie\u00dfen. Dies gilt insbesondere, wenn der Teilnehmer falsche Angaben macht oder verwendete Fotos oder andere Inhalte (z.B. Kommentare) geltendes Recht oder Rechte Dritter verletzen. Gleiches gilt bei Kommentaren, die als gewaltverherrlichend, anst\u00f6\u00dfig, bel\u00e4stigend oder herabw\u00fcrdigend angesehen werden k\u00f6nnen oder in sonstiger Weise gegen das gesellschaftliche Anstandsgef\u00fchl versto\u00dfen.<br \/>(2) Handelt es sich bei dem ausgeschlossenen Teilnehmer um einen bereits ausgelosten Gewinner, kann der Gewinn nachtr\u00e4glich aberkannt werden.<\/p>\t\t\t\t\t\t<\/div>\n\t\t\t\t<\/div>\n\t\t\t\t<div class=\"elementor-element elementor-element-eebd53e elementor-widget elementor-widget-text-editor\" data-id=\"eebd53e\" data-element_type=\"widget\" data-widget_type=\"text-editor.default\">\n\t\t\t\t<div class=\"elementor-widget-container\">\n\t\t\t\t\t\t\t<p><strong>6. Vorzeitige Beendigung sowie \u00c4nderungen<\/strong><br \/>Schwarze &amp; Schlichte beh\u00e4lt sich das Recht vor, das Gewinnspiel jederzeit, auch ohne Einhaltung von Fristen, ganz oder teilweise vorzeitig zu beenden oder in seinem Verlauf abzu\u00e4ndern, wenn es aus technischen (z.B. Computervirus, Manipulation von oder Fehler in Software\/Hardware) oder rechtlichen Gr\u00fcnden (z.B. Untersagung durch Instagram) nicht m\u00f6glich ist, eine ordnungsgem\u00e4\u00dfe Durchf\u00fchrung des Gewinnspiels zu garantieren.<\/p><p>Stand: 07.02.2021<\/p>\t\t\t\t\t\t<\/div>\n\t\t\t\t<\/div>\n\t\t\t\t\t<\/div>\n\t\t<\/div>\n\t\t\t\t\t<\/div>\n\t\t<\/section>\n\t\t\t\t<\/div>\n\t\t","protected":false},"excerpt":{"rendered":"<p>Impressum Competitions Terms and conditions Social Media competitions 1. Gegenstand der Teilnahmebedingungen und Veranstalter(1) Diese Teilnahmebedingungen regeln die Bedingungen f\u00fcr eine Teilnahme an den THREE SIXTY Gewinnspiel-Verlosungen.(2) Veranstalter des Gewinnspiels ist zu jedem Zeitpunkt ausschlie\u00dflich Schwarze &amp; Schlichte GmbH &amp; Co. KG, Paulsburg 1-3, D-59302 Oelde (nachfolgend Schwarze &amp; Schlichte).(3) Mit der Teilnahme an dem [&hellip;]<\/p>\n","protected":false},"author":1,"featured_media":0,"parent":0,"menu_order":0,"comment_status":"closed","ping_status":"closed","template":"","meta":{"_acf_changed":false,"footnotes":""},"class_list":["post-4955","page","type-page","status-publish","hentry"],"acf":[],"_links":{"self":[{"href":"https:\/\/three-sixty.global\/en\/wp-json\/wp\/v2\/pages\/4955","targetHints":{"allow":["GET"]}}],"collection":[{"href":"https:\/\/three-sixty.global\/en\/wp-json\/wp\/v2\/pages"}],"about":[{"href":"https:\/\/three-sixty.global\/en\/wp-json\/wp\/v2\/types\/page"}],"author":[{"embeddable":true,"href":"https:\/\/three-sixty.global\/en\/wp-json\/wp\/v2\/users\/1"}],"replies":[{"embeddable":true,"href":"https:\/\/three-sixty.global\/en\/wp-json\/wp\/v2\/comments?post=4955"}],"version-history":[{"count":0,"href":"https:\/\/three-sixty.global\/en\/wp-json\/wp\/v2\/pages\/4955\/revisions"}],"wp:attachment":[{"href":"https:\/\/three-sixty.global\/en\/wp-json\/wp\/v2\/media?parent=4955"}],"curies":[{"name":"wp","href":"https:\/\/api.w.org\/{rel}","templated":true}]}}